{"id":2942,"date":"2021-03-25T12:22:02","date_gmt":"2021-03-25T11:22:02","guid":{"rendered":"https:\/\/www.lacasa.net\/publicidad\/?page_id=2942"},"modified":"2022-07-06T18:16:40","modified_gmt":"2022-07-06T16:16:40","slug":"trabaja-con-nosotros","status":"publish","type":"page","link":"https:\/\/www.lacasa.net\/publicidad\/trabaja-con-nosotros\/","title":{"rendered":"Trabaja con nosotros"},"content":{"rendered":"<p>[et_pb_section fb_built=\u00bb1&#8243; fullwidth=\u00bbon\u00bb admin_label=\u00bbHero Section\u00bb _builder_version=\u00bb4.9.2&#8243; background_image=\u00bbhttps:\/\/www.lacasa.net\/publicidad\/wp-content\/uploads\/2021\/03\/TrabajaconLa-CasaAgency-scaled.jpg\u00bb parallax=\u00bbon\u00bb custom_padding=\u00bb|||\u00bb][et_pb_fullwidth_header subhead=\u00bbBuscamos Asesores\u00bb logo_image_url=\u00bbhttps:\/\/www.lacasa.net\/publicidad\/wp-content\/uploads\/2020\/09\/LaCasa_blanco-300&#215;86.png\u00bb content_max_width=\u00bb900px\u00bb _builder_version=\u00bb4.9.2&#8243; title_font=\u00bbPoppins|600||on|||||\u00bb title_font_size=\u00bb18px\u00bb title_letter_spacing=\u00bb4px\u00bb title_line_height=\u00bb1.8em\u00bb content_font=\u00bb||||||||\u00bb subhead_font=\u00bbRaleway|700|||||||\u00bb subhead_font_size=\u00bb50px\u00bb subhead_line_height=\u00bb1.4em\u00bb background_color=\u00bbrgba(126,190,197,0)\u00bb use_background_color_gradient=\u00bbon\u00bb background_color_gradient_start=\u00bb#1a489a\u00bb background_color_gradient_end=\u00bbrgba(26,72,154,0.76)\u00bb background_color_gradient_direction=\u00bb90deg\u00bb background_color_gradient_start_position=\u00bb25%\u00bb background_color_gradient_end_position=\u00bb75%\u00bb background_color_gradient_overlays_image=\u00bbon\u00bb custom_button_one=\u00bbon\u00bb button_one_text_size=\u00bb14px\u00bb button_one_bg_color=\u00bb#29cb8b\u00bb button_one_border_width=\u00bb12px\u00bb button_one_border_color=\u00bb#29cb8b\u00bb button_one_letter_spacing=\u00bb2px\u00bb button_one_font=\u00bbPoppins|600||on|||||\u00bb button_one_icon=\u00bb%%3%%\u00bb custom_button_two=\u00bbon\u00bb button_two_text_size=\u00bb14px\u00bb button_two_text_color=\u00bb#29cb8b\u00bb button_two_bg_color=\u00bb#ffffff\u00bb button_two_border_width=\u00bb12px\u00bb button_two_border_color=\u00bb#ffffff\u00bb button_two_letter_spacing=\u00bb2px\u00bb button_two_font=\u00bbPoppins|600||on|||||\u00bb button_two_icon=\u00bb%%3%%\u00bb custom_padding=\u00bb80px||18vw|\u00bb content_font_size_last_edited=\u00bboff|desktop\u00bb subhead_font_size_tablet=\u00bb40px\u00bb subhead_font_size_phone=\u00bb30px\u00bb subhead_font_size_last_edited=\u00bbon|desktop\u00bb button_one_letter_spacing_hover=\u00bb2px\u00bb button_two_letter_spacing_hover=\u00bb2px\u00bb button_one_text_size__hover_enabled=\u00bboff\u00bb button_two_text_size__hover_enabled=\u00bboff\u00bb button_one_text_color__hover_enabled=\u00bboff\u00bb button_two_text_color__hover_enabled=\u00bboff\u00bb button_one_border_width__hover_enabled=\u00bboff\u00bb button_two_border_width__hover_enabled=\u00bboff\u00bb button_one_border_color__hover_enabled=\u00bboff\u00bb button_two_border_color__hover_enabled=\u00bboff\u00bb button_one_border_radius__hover_enabled=\u00bboff\u00bb button_two_border_radius__hover_enabled=\u00bboff\u00bb button_one_letter_spacing__hover_enabled=\u00bbon\u00bb button_one_letter_spacing__hover=\u00bb2px\u00bb button_two_letter_spacing__hover_enabled=\u00bbon\u00bb button_two_letter_spacing__hover=\u00bb2px\u00bb button_one_bg_color__hover_enabled=\u00bboff\u00bb button_two_bg_color__hover_enabled=\u00bboff\u00bb]<\/p>\n<h2>PROCESO DE SELECCI\u00d3N<\/h2>\n<p>[\/et_pb_fullwidth_header][\/et_pb_section][et_pb_section fb_built=\u00bb1&#8243; _builder_version=\u00bb3.22&#8243; custom_margin=\u00bb||50px||false\u00bb custom_margin_tablet=\u00bb\u00bb custom_margin_phone=\u00bb||0px|\u00bb custom_margin_last_edited=\u00bbon|phone\u00bb custom_padding=\u00bb0px||0||false|false\u00bb][et_pb_row _builder_version=\u00bb3.25&#8243; width=\u00bb100%\u00bb max_width=\u00bb100%\u00bb custom_margin=\u00bb|||\u00bb custom_padding=\u00bb27px|0px|27px|0px|false|false\u00bb use_custom_width=\u00bbon\u00bb width_unit=\u00bboff\u00bb custom_width_percent=\u00bb100%\u00bb][et_pb_column type=\u00bb4_4&#8243; _builder_version=\u00bb3.25&#8243; custom_padding=\u00bb0px|||\u00bb custom_padding__hover=\u00bb|||\u00bb][et_pb_text _builder_version=\u00bb4.9.2&#8243; text_font=\u00bbRaleway|800|||||||\u00bb text_font_size=\u00bb22vw\u00bb text_line_height=\u00bb0.8em\u00bb header_font=\u00bb||||||||\u00bb background_layout=\u00bbdark\u00bb custom_margin=\u00bb-15vw|||-2%\u00bb custom_margin_tablet=\u00bb-19vw|||\u00bb custom_margin_phone=\u00bb\u00bb custom_margin_last_edited=\u00bbon|tablet\u00bb animation_style=\u00bbslide\u00bb animation_direction=\u00bbbottom\u00bb animation_intensity_slide=\u00bb5%\u00bb animation_starting_opacity=\u00bb100%\u00bb text_font_size_tablet=\u00bb\u00bb text_font_size_phone=\u00bb\u00bb text_font_size_last_edited=\u00bbon|phone\u00bb]<\/p>\n<p>S\u00famate<\/p>\n<p>[\/et_pb_text][\/et_pb_column][\/et_pb_row][\/et_pb_section][et_pb_section fb_built=\u00bb1&#8243; custom_padding_last_edited=\u00bboff|desktop\u00bb admin_label=\u00bbInformation Section\u00bb _builder_version=\u00bb3.22&#8243; max_width=\u00bb96%\u00bb module_alignment=\u00bbright\u00bb custom_padding=\u00bb0|0px|54px|0px|false|false\u00bb custom_padding_tablet=\u00bb||120px|\u00bb][et_pb_row _builder_version=\u00bb3.25&#8243; custom_padding=\u00bb0|0px|27px|0px|false|false\u00bb animation_style=\u00bbslide\u00bb animation_direction=\u00bbright\u00bb animation_intensity_slide=\u00bb1%\u00bb locked=\u00bboff\u00bb][et_pb_column type=\u00bb4_4&#8243; _builder_version=\u00bb3.25&#8243; custom_padding__hover=\u00bb|||\u00bb][et_pb_text _builder_version=\u00bb4.9.2&#8243; text_font=\u00bb||||||||\u00bb header_font=\u00bb||||||||\u00bb header_2_font=\u00bbRaleway|700|||||||\u00bb header_2_font_size=\u00bb56px\u00bb header_2_line_height=\u00bb1.2em\u00bb custom_margin=\u00bb||20px|\u00bb header_2_font_size_tablet=\u00bb36px\u00bb header_2_font_size_phone=\u00bb\u00bb header_2_font_size_last_edited=\u00bbon|phone\u00bb]<\/p>\n<h2 style=\"text-align: left;\">Contratamos la actitud, formamos el talento&#8230;<\/h2>\n<p>[\/et_pb_text][et_pb_divider color=\u00bb#1a489a\u00bb divider_weight=\u00bb3px\u00bb _builder_version=\u00bb4.9.2&#8243; max_width=\u00bb50px\u00bb][\/et_pb_divider][et_pb_text _builder_version=\u00bb4.9.2&#8243; text_font=\u00bbPoppins||||||||\u00bb text_font_size=\u00bb20px\u00bb text_line_height=\u00bb2em\u00bb max_width=\u00bb750px\u00bb]<\/p>\n<p>Si quieres desarrollar tu carrera profesional en el sector inmobiliario, tienes disponibilidad completa y eres una persona entusiasta \u00a1te queremos conocer! Ofrecemos oportunidades reales de crecimiento, plan de formaci\u00f3n, contrato en r\u00e9gimen general y salario fijo + altos incentivos.<\/p>\n<p>[\/et_pb_text][\/et_pb_column][\/et_pb_row][\/et_pb_section][et_pb_section fb_built=\u00bb1&#8243; admin_label=\u00bbContact Form Section\u00bb _builder_version=\u00bb4.9.2&#8243; background_color=\u00bb#f2f2f2&#8243; position_origin_a=\u00bbcenter_left\u00bb position_origin_f=\u00bbcenter_center\u00bb max_width=\u00bb100%\u00bb custom_margin=\u00bb||||false|false\u00bb custom_padding=\u00bb||0vw||false|false\u00bb collapsed=\u00bboff\u00bb][et_pb_row _builder_version=\u00bb4.9.2&#8243; _module_preset=\u00bbdefault\u00bb][et_pb_column type=\u00bb4_4&#8243; _builder_version=\u00bb4.9.2&#8243; _module_preset=\u00bbdefault\u00bb][et_pb_text _builder_version=\u00bb4.9.2&#8243; text_font=\u00bb||||||||\u00bb header_font=\u00bb||||||||\u00bb header_2_font=\u00bbRaleway|700|||||||\u00bb header_2_font_size=\u00bb56px\u00bb header_2_line_height=\u00bb1.2em\u00bb custom_margin=\u00bb||20px|\u00bb header_2_font_size_tablet=\u00bb36px\u00bb header_2_font_size_phone=\u00bb\u00bb header_2_font_size_last_edited=\u00bbon|phone\u00bb]<\/p>\n<h2 style=\"text-align: left;\">Si tienes ganas, lo tienes todo<\/h2>\n<h2 style=\"text-align: left;\">Trabaja con nosotros<\/h2>\n<p>[\/et_pb_text][\/et_pb_column][\/et_pb_row][et_pb_row _builder_version=\u00bb4.9.2&#8243; _module_preset=\u00bbdefault\u00bb][et_pb_column type=\u00bb4_4&#8243; _builder_version=\u00bb4.9.2&#8243; _module_preset=\u00bbdefault\u00bb][dsm_contact_form_7 show_validation=\u00bbon\u00bb _builder_version=\u00bb4.9.2&#8243; _module_preset=\u00bbdefault\u00bb error_validation_font_size=\u00bb20px\u00bb success_validation_font_size=\u00bb20px\u00bb border_width_all_error_validation=\u00bb4px\u00bb border_radii_validation_success=\u00bbon||||\u00bb border_width_all_validation_success=\u00bb4px\u00bb][\/dsm_contact_form_7][\/et_pb_column][\/et_pb_row][et_pb_row _builder_version=\u00bb4.9.2&#8243; background_color=\u00bb#f2f2f2&#8243; width=\u00bb100%\u00bb max_width=\u00bb100%\u00bb custom_margin=\u00bb||||false|false\u00bb custom_padding=\u00bb||||false|false\u00bb use_custom_width=\u00bbon\u00bb width_unit=\u00bboff\u00bb custom_width_percent=\u00bb100%\u00bb][et_pb_column type=\u00bb4_4&#8243; _builder_version=\u00bb3.25&#8243; custom_padding__hover=\u00bb|||\u00bb][et_pb_text _builder_version=\u00bb4.9.2&#8243; text_font=\u00bbRaleway|800|||||||\u00bb text_font_size=\u00bb22vw\u00bb text_line_height=\u00bb0.8em\u00bb header_font=\u00bb||||||||\u00bb text_orientation=\u00bbright\u00bb background_layout=\u00bbdark\u00bb custom_margin=\u00bb1px||-5.5vw|||\u00bb custom_margin_tablet=\u00bb\u00bb custom_margin_phone=\u00bb||-8vw|\u00bb custom_margin_last_edited=\u00bbon|desktop\u00bb animation_style=\u00bbslide\u00bb animation_direction=\u00bbbottom\u00bb animation_intensity_slide=\u00bb10%\u00bb animation_starting_opacity=\u00bb100%\u00bb text_font_size_tablet=\u00bb\u00bb text_font_size_phone=\u00bb\u00bb text_font_size_last_edited=\u00bbon|tablet\u00bb]<\/p>\n<p>S\u00famate<\/p>\n<p>[\/et_pb_text][\/et_pb_column][\/et_pb_row][\/et_pb_section][et_pb_section fb_built=\u00bb1&#8243; admin_label=\u00bbFooter\u00bb _builder_version=\u00bb3.22&#8243; custom_padding=\u00bb60px||60px||true|false\u00bb saved_tabs=\u00bball\u00bb][et_pb_row column_structure=\u00bb1_2,1_2&#8243; _builder_version=\u00bb3.25&#8243; collapsed=\u00bboff\u00bb][et_pb_column type=\u00bb1_2&#8243; _builder_version=\u00bb3.25&#8243; custom_padding__hover=\u00bb|||\u00bb][et_pb_text _builder_version=\u00bb4.9.7&#8243; text_font=\u00bbPoppins||||||||\u00bb text_font_size=\u00bb16px\u00bb text_line_height=\u00bb1.6em\u00bb header_text_align=\u00bbcenter\u00bb text_orientation=\u00bbcenter\u00bb]<\/p>\n<h3><strong>\u00a1S\u00edguenos en las Redes Sociales!<\/strong><\/h3>\n<p>[\/et_pb_text][et_pb_social_media_follow _builder_version=\u00bb4.9.7&#8243; _module_preset=\u00bbdefault\u00bb text_orientation=\u00bbcenter\u00bb][et_pb_social_media_follow_network social_network=\u00bbfacebook\u00bb url=\u00bbhttps:\/\/www.facebook.com\/lacasaagencyES\u00bb use_icon_font_size=\u00bbon\u00bb icon_font_size=\u00bb30px\u00bb _builder_version=\u00bb4.9.7&#8243; _module_preset=\u00bbdefault\u00bb background_color=\u00bb#044898&#8243; background_enable_color=\u00bbon\u00bb follow_button=\u00bboff\u00bb url_new_window=\u00bbon\u00bb]facebook[\/et_pb_social_media_follow_network][et_pb_social_media_follow_network social_network=\u00bbinstagram\u00bb url=\u00bbhttps:\/\/www.instagram.com\/lacasa_agency\/\u00bb use_icon_font_size=\u00bbon\u00bb icon_font_size=\u00bb30px\u00bb _builder_version=\u00bb4.9.7&#8243; _module_preset=\u00bbdefault\u00bb background_color=\u00bb#044898&#8243; background_enable_color=\u00bbon\u00bb follow_button=\u00bboff\u00bb url_new_window=\u00bbon\u00bb]instagram[\/et_pb_social_media_follow_network][et_pb_social_media_follow_network social_network=\u00bblinkedin\u00bb url=\u00bbhttps:\/\/www.linkedin.com\/company\/la-casa-agency\/\u00bb use_icon_font_size=\u00bbon\u00bb icon_font_size=\u00bb30px\u00bb _builder_version=\u00bb4.9.7&#8243; _module_preset=\u00bbdefault\u00bb background_color=\u00bb#044898&#8243; background_enable_color=\u00bbon\u00bb follow_button=\u00bboff\u00bb url_new_window=\u00bbon\u00bb]linkedin[\/et_pb_social_media_follow_network][et_pb_social_media_follow_network social_network=\u00bbtwitter\u00bb url=\u00bbhttps:\/\/twitter.com\/lacasa_agency\u00bb use_icon_font_size=\u00bbon\u00bb icon_font_size=\u00bb30px\u00bb _builder_version=\u00bb4.9.7&#8243; _module_preset=\u00bbdefault\u00bb background_color=\u00bb#044898&#8243; background_enable_color=\u00bbon\u00bb follow_button=\u00bboff\u00bb url_new_window=\u00bbon\u00bb]twitter[\/et_pb_social_media_follow_network][\/et_pb_social_media_follow][\/et_pb_column][et_pb_column type=\u00bb1_2&#8243; _builder_version=\u00bb3.25&#8243; custom_padding__hover=\u00bb|||\u00bb][et_pb_image src=\u00bbhttps:\/\/www.lacasa.net\/publicidad\/wp-content\/uploads\/2020\/11\/logo-1.png\u00bb title_text=\u00bblogo\u00bb align=\u00bbcenter\u00bb _builder_version=\u00bb4.9.7&#8243; custom_margin=\u00bb||15px|\u00bb always_center_on_mobile=\u00bboff\u00bb][\/et_pb_image][et_pb_text _builder_version=\u00bb4.9.2&#8243; text_font=\u00bbPoppins||||||||\u00bb text_font_size=\u00bb16px\u00bb text_line_height=\u00bb1.6em\u00bb]<\/p>\n<h3>\u00a0<\/h3>\n<h3><strong>D\u00f3nde estamos<\/strong><\/h3>\n<ul>\n<li><strong>Direcci\u00f3n:<\/strong> <a href=\"https:\/\/g.page\/lacasaagency_sede\">Gran Via de les Corts Catalanes 129-131 Planta 7, 08014 Barcelona<br \/><\/a><\/li>\n<li><strong>Email:<\/strong> <a href=\"mailto:rrhh@lacasa.net\">rrhh@lacasa.net<\/a><\/li>\n<li><strong>Tel y Whatsapp:<\/strong><a href=\"https:\/\/wa.me\/34602256677\/?text=Hola%2C%20me%20gustar%C3%ADa%20recibir%20informaci%C3%B3n%20para%20valorar%20y%20vender%20mi%20inmueble.\"> (+34) 602 256 677<\/a><\/li>\n<\/ul>\n<p>[\/et_pb_text][\/et_pb_column][\/et_pb_row][\/et_pb_section]<\/p>\n","protected":false},"excerpt":{"rendered":"<p>PROCESO DE SELECCI\u00d3NS\u00famateContratamos la actitud, formamos el talento&#8230;Si quieres desarrollar tu carrera profesional en el sector inmobiliario, tienes disponibilidad completa y eres una persona entusiasta \u00a1te queremos conocer! Ofrecemos oportunidades reales de crecimiento, plan de formaci\u00f3n, contrato en r\u00e9gimen general y salario fijo + altos incentivos.Si tienes ganas, lo tienes todo Trabaja con nosotros<div class=\"et_pb_module dsm_contact_form_7 dsm_contact_form_7_0\">\n\t\t\t\t\n\t\t\t\t\n\t\t\t\t\n\t\t\t\t\n\t\t\t\t\n\t\t\t\t\n\t\t\t\t<div class=\"et_pb_module_inner\">\n\t\t\t\t\t<div class=\"\">\n\t\t\t\t\n<div class=\"wpcf7 no-js\" id=\"wpcf7-f2944-o1\" lang=\"es-ES\" dir=\"ltr\" data-wpcf7-id=\"2944\">\n<div class=\"screen-reader-response\"><p role=\"status\" aria-live=\"polite\" aria-atomic=\"true\"><\/p> <ul><\/ul><\/div>\n<form action=\"\/publicidad\/wp-json\/wp\/v2\/pages\/2942#wpcf7-f2944-o1\" method=\"post\" class=\"wpcf7-form init\" aria-label=\"Formulario de contacto\" enctype=\"multipart\/form-data\" novalidate=\"novalidate\" data-status=\"init\">\n<fieldset class=\"hidden-fields-container\"><input type=\"hidden\" name=\"_wpcf7\" value=\"2944\" \/><input type=\"hidden\" name=\"_wpcf7_version\" value=\"6.1.5\" \/><input type=\"hidden\" name=\"_wpcf7_locale\" value=\"es_ES\" \/><input type=\"hidden\" name=\"_wpcf7_unit_tag\" value=\"wpcf7-f2944-o1\" \/><input type=\"hidden\" name=\"_wpcf7_container_post\" value=\"0\" \/><input type=\"hidden\" name=\"_wpcf7_posted_data_hash\" value=\"\" \/><input type=\"hidden\" name=\"_wpcf7dtx_version\" value=\"5.0.5\" \/>\n<\/fieldset>\n<div class=\"wpcf7-response-output\" aria-hidden=\"true\"><\/div>\n<div class=\"et_pb_contact\">\n\t<div class=\"et_pb_contact_form\">\n\t\t<p class=\"et_pb_contact_field et_pb_contact_field_half\"><span class=\"wpcf7-form-control-wrap\" data-name=\"Nombre\"><input size=\"40\" maxlength=\"400\" class=\"wpcf7-form-control wpcf7-text wpcf7-validates-as-required\" aria-required=\"true\" aria-invalid=\"false\" placeholder=\"Nombre y Apellido\" value=\"\" type=\"text\" name=\"Nombre\" \/><\/span>\n\t\t<\/p>\n\t\t<p class=\"et_pb_contact_field et_pb_contact_field_half\"><span class=\"wpcf7-form-control-wrap\" data-name=\"email\"><input size=\"40\" maxlength=\"400\" class=\"wpcf7-form-control wpcf7-email wpcf7-validates-as-required wpcf7-text wpcf7-validates-as-email\" aria-required=\"true\" aria-invalid=\"false\" placeholder=\"e-mail\" value=\"\" type=\"email\" name=\"email\" \/><\/span>\n\t\t<\/p>\n\t\t<p class=\"et_pb_contact_field et_pb_contact_field_half et_pb_contact_field_last\"><span class=\"wpcf7-form-control-wrap\" data-name=\"tel\"><input size=\"40\" maxlength=\"400\" class=\"wpcf7-form-control wpcf7-tel wpcf7-validates-as-required wpcf7-text wpcf7-validates-as-tel\" aria-required=\"true\" aria-invalid=\"false\" placeholder=\"Tel\u00e9fono\" value=\"\" type=\"tel\" name=\"tel\" \/><\/span>\n\t\t<\/p>\n <!-- br--><!-- br-->\n\t\t<p style=\" text-align: center; font-family:ubuntu; color: white;\" class=\"et_pb_contact_field et_pb_contact_field_last\">ADJ\u00daNTANOS TU CURR\u00cdCULUM (en Formatos .doc, .docx .pdf)<br \/>\n<!-- br--><br \/>\n<span class=\"wpcf7-form-control-wrap\" data-name=\"adjunto\"><input size=\"40\" class=\"wpcf7-form-control wpcf7-file\" accept=\".doc,.pdf,.docx\" aria-invalid=\"false\" type=\"file\" name=\"adjunto\" \/><\/span>\n\t\t<\/p>\n\t<\/div>\n<\/div>\n<p style=\" font-family:ubuntu;color: white;\"><br \/>\n<span class=\"wpcf7-form-control-wrap\" data-name=\"protecciondatos\"><span class=\"wpcf7-form-control wpcf7-acceptance\"><span class=\"wpcf7-list-item\"><label><input type=\"checkbox\" name=\"protecciondatos\" value=\"1\" class=\"protect\" aria-invalid=\"false\" \/><span class=\"wpcf7-list-item-label\">He le\u00eddo y acepto los t\u00e9rminos y condiciones de uso<\/span><\/label><\/span><\/span><\/span>\n<\/p>\n<div class=\"et_contact_bottom_container\">\n\t<p><button class=\"wpcf7-form-control wpcf7-submit has-spinner et_pb_button et_pb_bg_layout_light et_pb_contact_submit\" type=\"submit\" value=\"ENVIAR\">ENVIAR<\/button>\n\t<\/p>\n<\/div>\n<div class=\"et_contact_bottom_container\">\n\t<div class=\"et_pb_contact\">\n\t<\/div>\n<\/div>\n\n<\/form>\n<\/div>\n\n\t\t\t<\/div>\n\t\t\t\t<\/div>\n\t\t\t<\/div><\/p>\n","protected":false},"author":4,"featured_media":0,"parent":0,"menu_order":0,"comment_status":"closed","ping_status":"closed","template":"","meta":{"_et_pb_use_builder":"on","_et_pb_old_content":"","_et_gb_content_width":"","inline_featured_image":false,"footnotes":""},"class_list":["post-2942","page","type-page","status-publish","hentry"],"yoast_head":"<!-- This site is optimized with the Yoast SEO plugin v26.2 - https:\/\/yoast.com\/wordpress\/plugins\/seo\/ -->\n<title>Trabaja con nosotros - Vender Piso R\u00e1pido<\/title>\n<meta name=\"robots\" content=\"index, follow, max-snippet:-1, max-image-preview:large, max-video-preview:-1\" \/>\n<link rel=\"canonical\" href=\"https:\/\/www.lacasa.net\/publicidad\/trabaja-con-nosotros\/\" \/>\n<meta property=\"og:locale\" content=\"es_ES\" \/>\n<meta property=\"og:type\" content=\"article\" \/>\n<meta property=\"og:title\" content=\"Trabaja con nosotros - Vender Piso R\u00e1pido\" \/>\n<meta property=\"og:description\" content=\"PROCESO DE SELECCI\u00d3NS\u00famateContratamos la actitud, formamos el talento...Si quieres desarrollar tu carrera profesional en el sector inmobiliario, tienes disponibilidad completa y eres una persona entusiasta \u00a1te queremos conocer! Ofrecemos oportunidades reales de crecimiento, plan de formaci\u00f3n, contrato en r\u00e9gimen general y salario fijo + altos incentivos.Si tienes ganas, lo tienes todo Trabaja con nosotros\" \/>\n<meta property=\"og:url\" content=\"https:\/\/www.lacasa.net\/publicidad\/trabaja-con-nosotros\/\" \/>\n<meta property=\"og:site_name\" content=\"Vender Piso R\u00e1pido\" \/>\n<meta property=\"article:publisher\" content=\"https:\/\/www.facebook.com\/lacasaagencyES\" \/>\n<meta property=\"article:modified_time\" content=\"2022-07-06T16:16:40+00:00\" \/>\n<meta name=\"twitter:card\" content=\"summary_large_image\" \/>\n<meta name=\"twitter:site\" content=\"@lacasa_agency\" \/>\n<meta name=\"twitter:label1\" content=\"Tiempo de lectura\" \/>\n\t<meta name=\"twitter:data1\" content=\"7 minutos\" \/>\n<script type=\"application\/ld+json\" class=\"yoast-schema-graph\">{\"@context\":\"https:\/\/schema.org\",\"@graph\":[{\"@type\":[\"WebPage\",\"RealEstateListing\"],\"@id\":\"https:\/\/www.lacasa.net\/publicidad\/trabaja-con-nosotros\/\",\"url\":\"https:\/\/www.lacasa.net\/publicidad\/trabaja-con-nosotros\/\",\"name\":\"Trabaja con nosotros - Vender Piso R\u00e1pido\",\"isPartOf\":{\"@id\":\"https:\/\/www.lacasa.net\/publicidad\/#website\"},\"datePublished\":\"2021-03-25T11:22:02+00:00\",\"dateModified\":\"2022-07-06T16:16:40+00:00\",\"breadcrumb\":{\"@id\":\"https:\/\/www.lacasa.net\/publicidad\/trabaja-con-nosotros\/#breadcrumb\"},\"inLanguage\":\"es\",\"potentialAction\":[{\"@type\":\"ReadAction\",\"target\":[\"https:\/\/www.lacasa.net\/publicidad\/trabaja-con-nosotros\/\"]}]},{\"@type\":\"BreadcrumbList\",\"@id\":\"https:\/\/www.lacasa.net\/publicidad\/trabaja-con-nosotros\/#breadcrumb\",\"itemListElement\":[{\"@type\":\"ListItem\",\"position\":1,\"name\":\"Portada\",\"item\":\"https:\/\/www.lacasa.net\/publicidad\/\"},{\"@type\":\"ListItem\",\"position\":2,\"name\":\"Trabaja con nosotros\"}]},{\"@type\":\"WebSite\",\"@id\":\"https:\/\/www.lacasa.net\/publicidad\/#website\",\"url\":\"https:\/\/www.lacasa.net\/publicidad\/\",\"name\":\"Vender Piso R\u00e1pido\",\"description\":\"\",\"publisher\":{\"@id\":\"https:\/\/www.lacasa.net\/publicidad\/#organization\"},\"potentialAction\":[{\"@type\":\"SearchAction\",\"target\":{\"@type\":\"EntryPoint\",\"urlTemplate\":\"https:\/\/www.lacasa.net\/publicidad\/?s={search_term_string}\"},\"query-input\":{\"@type\":\"PropertyValueSpecification\",\"valueRequired\":true,\"valueName\":\"search_term_string\"}}],\"inLanguage\":\"es\"},{\"@type\":\"Organization\",\"@id\":\"https:\/\/www.lacasa.net\/publicidad\/#organization\",\"name\":\"Vender Piso R\u00e1pido\",\"url\":\"https:\/\/www.lacasa.net\/publicidad\/\",\"logo\":{\"@type\":\"ImageObject\",\"inLanguage\":\"es\",\"@id\":\"https:\/\/www.lacasa.net\/publicidad\/#\/schema\/logo\/image\/\",\"url\":\"https:\/\/www.lacasa.net\/publicidad\/wp-content\/uploads\/2021\/05\/lacasaagency-icono.png\",\"contentUrl\":\"https:\/\/www.lacasa.net\/publicidad\/wp-content\/uploads\/2021\/05\/lacasaagency-icono.png\",\"width\":446,\"height\":446,\"caption\":\"Vender Piso R\u00e1pido\"},\"image\":{\"@id\":\"https:\/\/www.lacasa.net\/publicidad\/#\/schema\/logo\/image\/\"},\"sameAs\":[\"https:\/\/www.facebook.com\/lacasaagencyES\",\"https:\/\/x.com\/lacasa_agency\",\"https:\/\/www.instagram.com\/lacasa_agency\/\",\"https:\/\/www.linkedin.com\/company\/la-casa-agency\/\"]}]}<\/script>\n<!-- \/ Yoast SEO plugin. -->","yoast_head_json":{"title":"Trabaja con nosotros - Vender Piso R\u00e1pido","robots":{"index":"index","follow":"follow","max-snippet":"max-snippet:-1","max-image-preview":"max-image-preview:large","max-video-preview":"max-video-preview:-1"},"canonical":"https:\/\/www.lacasa.net\/publicidad\/trabaja-con-nosotros\/","og_locale":"es_ES","og_type":"article","og_title":"Trabaja con nosotros - Vender Piso R\u00e1pido","og_description":"PROCESO DE SELECCI\u00d3NS\u00famateContratamos la actitud, formamos el talento...Si quieres desarrollar tu carrera profesional en el sector inmobiliario, tienes disponibilidad completa y eres una persona entusiasta \u00a1te queremos conocer! Ofrecemos oportunidades reales de crecimiento, plan de formaci\u00f3n, contrato en r\u00e9gimen general y salario fijo + altos incentivos.Si tienes ganas, lo tienes todo Trabaja con nosotros","og_url":"https:\/\/www.lacasa.net\/publicidad\/trabaja-con-nosotros\/","og_site_name":"Vender Piso R\u00e1pido","article_publisher":"https:\/\/www.facebook.com\/lacasaagencyES","article_modified_time":"2022-07-06T16:16:40+00:00","twitter_card":"summary_large_image","twitter_site":"@lacasa_agency","twitter_misc":{"Tiempo de lectura":"7 minutos"},"schema":{"@context":"https:\/\/schema.org","@graph":[{"@type":["WebPage","RealEstateListing"],"@id":"https:\/\/www.lacasa.net\/publicidad\/trabaja-con-nosotros\/","url":"https:\/\/www.lacasa.net\/publicidad\/trabaja-con-nosotros\/","name":"Trabaja con nosotros - Vender Piso R\u00e1pido","isPartOf":{"@id":"https:\/\/www.lacasa.net\/publicidad\/#website"},"datePublished":"2021-03-25T11:22:02+00:00","dateModified":"2022-07-06T16:16:40+00:00","breadcrumb":{"@id":"https:\/\/www.lacasa.net\/publicidad\/trabaja-con-nosotros\/#breadcrumb"},"inLanguage":"es","potentialAction":[{"@type":"ReadAction","target":["https:\/\/www.lacasa.net\/publicidad\/trabaja-con-nosotros\/"]}]},{"@type":"BreadcrumbList","@id":"https:\/\/www.lacasa.net\/publicidad\/trabaja-con-nosotros\/#breadcrumb","itemListElement":[{"@type":"ListItem","position":1,"name":"Portada","item":"https:\/\/www.lacasa.net\/publicidad\/"},{"@type":"ListItem","position":2,"name":"Trabaja con nosotros"}]},{"@type":"WebSite","@id":"https:\/\/www.lacasa.net\/publicidad\/#website","url":"https:\/\/www.lacasa.net\/publicidad\/","name":"Vender Piso R\u00e1pido","description":"","publisher":{"@id":"https:\/\/www.lacasa.net\/publicidad\/#organization"},"potentialAction":[{"@type":"SearchAction","target":{"@type":"EntryPoint","urlTemplate":"https:\/\/www.lacasa.net\/publicidad\/?s={search_term_string}"},"query-input":{"@type":"PropertyValueSpecification","valueRequired":true,"valueName":"search_term_string"}}],"inLanguage":"es"},{"@type":"Organization","@id":"https:\/\/www.lacasa.net\/publicidad\/#organization","name":"Vender Piso R\u00e1pido","url":"https:\/\/www.lacasa.net\/publicidad\/","logo":{"@type":"ImageObject","inLanguage":"es","@id":"https:\/\/www.lacasa.net\/publicidad\/#\/schema\/logo\/image\/","url":"https:\/\/www.lacasa.net\/publicidad\/wp-content\/uploads\/2021\/05\/lacasaagency-icono.png","contentUrl":"https:\/\/www.lacasa.net\/publicidad\/wp-content\/uploads\/2021\/05\/lacasaagency-icono.png","width":446,"height":446,"caption":"Vender Piso R\u00e1pido"},"image":{"@id":"https:\/\/www.lacasa.net\/publicidad\/#\/schema\/logo\/image\/"},"sameAs":["https:\/\/www.facebook.com\/lacasaagencyES","https:\/\/x.com\/lacasa_agency","https:\/\/www.instagram.com\/lacasa_agency\/","https:\/\/www.linkedin.com\/company\/la-casa-agency\/"]}]}},"_links":{"self":[{"href":"https:\/\/www.lacasa.net\/publicidad\/wp-json\/wp\/v2\/pages\/2942","targetHints":{"allow":["GET"]}}],"collection":[{"href":"https:\/\/www.lacasa.net\/publicidad\/wp-json\/wp\/v2\/pages"}],"about":[{"href":"https:\/\/www.lacasa.net\/publicidad\/wp-json\/wp\/v2\/types\/page"}],"author":[{"embeddable":true,"href":"https:\/\/www.lacasa.net\/publicidad\/wp-json\/wp\/v2\/users\/4"}],"replies":[{"embeddable":true,"href":"https:\/\/www.lacasa.net\/publicidad\/wp-json\/wp\/v2\/comments?post=2942"}],"version-history":[{"count":166,"href":"https:\/\/www.lacasa.net\/publicidad\/wp-json\/wp\/v2\/pages\/2942\/revisions"}],"predecessor-version":[{"id":3850,"href":"https:\/\/www.lacasa.net\/publicidad\/wp-json\/wp\/v2\/pages\/2942\/revisions\/3850"}],"wp:attachment":[{"href":"https:\/\/www.lacasa.net\/publicidad\/wp-json\/wp\/v2\/media?parent=2942"}],"curies":[{"name":"wp","href":"https:\/\/api.w.org\/{rel}","templated":true}]}}